{"id":432,"date":"2013-05-12T13:35:09","date_gmt":"2013-05-12T10:35:09","guid":{"rendered":"http:\/\/saulevire.lt\/?page_id=432"},"modified":"2025-06-01T19:07:50","modified_gmt":"2025-06-01T17:07:50","slug":"diy-boiler-heat-exchanger-test","status":"publish","type":"page","link":"http:\/\/saulevire.lt\/en\/diy-boiler-heat-exchanger-test\/","title":{"rendered":"DIY boiler heat exchanger test"},"content":{"rendered":"<p>Boilerio <a title=\"Savadarbis gyvatukas\" href=\"http:\/\/saulevire.lt\/wp-content\/gallery\/kolektoriai\/2-gyv2-2.jpg\">gyvatukas<\/a> pagamintas i\u0161 5 m ilgio 1\/2&#8243; gofruoto ner\u016bdijan\u010dio plieno vamzd\u017eio. Tarp \u012ftekan\u010dio ir i\u0161tekan\u010dio \u0161ilumne\u0161io susidaro ma\u017edaug 4 laipsniai. <a href=\"http:\/\/saulevire.lt\/wp-content\/uploads\/2013\/05\/Gyvatuko_testas.jpg\"><img loading=\"lazy\" decoding=\"async\" class=\"alignnone size-medium wp-image-433\" alt=\"Gyvatuko_testas\" src=\"http:\/\/saulevire.lt\/wp-content\/uploads\/2013\/05\/Gyvatuko_testas-300x225.jpg\" width=\"300\" height=\"225\" srcset=\"http:\/\/saulevire.lt\/wp-content\/uploads\/2013\/05\/Gyvatuko_testas-300x225.jpg 300w, http:\/\/saulevire.lt\/wp-content\/uploads\/2013\/05\/Gyvatuko_testas-600x450.jpg 600w, http:\/\/saulevire.lt\/wp-content\/uploads\/2013\/05\/Gyvatuko_testas.jpg 1152w\" sizes=\"auto, (max-width: 300px) 100vw, 300px\" \/><\/a><br \/>\n<\/p>","protected":false},"excerpt":{"rendered":"<p>Boilerio gyvatukas pagamintas i\u0161 5 m ilgio 1\/2&#8243; gofruoto ner\u016bdijan\u010dio plieno vamzd\u017eio. Tarp \u012ftekan\u010dio ir i\u0161tekan\u010dio \u0161ilumne\u0161io susidaro ma\u017edaug 4 laipsniai.<\/p>\n","protected":false},"author":1,"featured_media":0,"parent":0,"menu_order":0,"comment_status":"closed","ping_status":"closed","template":"","meta":{"om_disable_all_campaigns":false,"_uf_show_specific_survey":0,"_uf_disable_surveys":false,"ngg_post_thumbnail":0,"footnotes":""},"class_list":["post-432","page","type-page","status-publish","hentry"],"aioseo_notices":[],"_links":{"self":[{"href":"http:\/\/saulevire.lt\/en\/wp-json\/wp\/v2\/pages\/432","targetHints":{"allow":["GET"]}}],"collection":[{"href":"http:\/\/saulevire.lt\/en\/wp-json\/wp\/v2\/pages"}],"about":[{"href":"http:\/\/saulevire.lt\/en\/wp-json\/wp\/v2\/types\/page"}],"author":[{"embeddable":true,"href":"http:\/\/saulevire.lt\/en\/wp-json\/wp\/v2\/users\/1"}],"replies":[{"embeddable":true,"href":"http:\/\/saulevire.lt\/en\/wp-json\/wp\/v2\/comments?post=432"}],"version-history":[{"count":5,"href":"http:\/\/saulevire.lt\/en\/wp-json\/wp\/v2\/pages\/432\/revisions"}],"predecessor-version":[{"id":1590,"href":"http:\/\/saulevire.lt\/en\/wp-json\/wp\/v2\/pages\/432\/revisions\/1590"}],"wp:attachment":[{"href":"http:\/\/saulevire.lt\/en\/wp-json\/wp\/v2\/media?parent=432"}],"curies":[{"name":"wp","href":"https:\/\/api.w.org\/{rel}","templated":true}]}}